{"id":2,"date":"2025-01-14T17:52:36","date_gmt":"2025-01-14T16:52:36","guid":{"rendered":"http:\/\/camillecoutaud.com\/?page_id=2"},"modified":"2025-01-27T16:03:54","modified_gmt":"2025-01-27T15:03:54","slug":"page-d-exemple","status":"publish","type":"page","link":"https:\/\/camillecoutaud.com\/index.php\/page-d-exemple\/","title":{"rendered":"A propos"},"content":{"rendered":"\n<p>Quand&nbsp; j\u2019\u00e9tais enfant, je jouais \u00e0 faire des livres. J\u2019\u00e9crivais, je dessinais et je reliais sommairement le tout. Ensuite, j\u2019ai griffonn\u00e9 des chevaux et des princesses dans les marges de mes cahiers.<\/p>\n\n\n\n<p>Je n\u2019ai jamais vraiment cess\u00e9 de dessiner, et une fois en \u00e9tudes sup\u00e9rieures, j\u2019ai illustr\u00e9 mes premiers documents p\u00e9dagogiques d\u2019\u00e9ducation \u00e0 l\u2019environnement, avec principalement des animaux et des plantes.<\/p>\n\n\n\n<p>Plus tard, je suis devenue maman, et une licence en sciences de l\u2019\u00e9ducation en poche, j\u2019ai int\u00e9gr\u00e9 le corps des professeurs des \u00e9coles, dans lequel j\u2019exerce aujourd\u2019hui en maternelle.<\/p>\n\n\n\n<p>Les livres pour enfants sont donc revenus dans mon quotidien, aussi bien pour mes enfants que pour mes \u00e9l\u00e8ves, et j\u2019ai commenc\u00e9 \u00e0 les collectionner tout en remplissant des carnets avec des id\u00e9es d\u2019histoires et d&rsquo;illustrations.<\/p>\n\n\n\n<p>Les r\u00eaves de l\u2019enfance ont ressurgi et m&rsquo;ont amen\u00e9e vers une formation d&rsquo;illustratrice pour pouvoir les concr\u00e9tiser.<\/p>\n\n\n\n<p>La nature et l\u2019enfance restent mes sources d\u2019inspiration principales.<\/p>\n\n\n\n<p>Camille <\/p>\n\n\n\n<p>camille.coutaud@gmail.com<\/p>\n\n\n\n<p><\/p>\n","protected":false},"excerpt":{"rendered":"<p>Quand&nbsp; j\u2019\u00e9tais enfant, je jouais \u00e0 faire des livres. J\u2019\u00e9crivais, je dessinais et je reliais sommairement le tout. Ensuite, j\u2019ai griffonn\u00e9 des chevaux et des princesses dans les marges de mes cahiers. Je n\u2019ai jamais vraiment cess\u00e9 de dessiner, et une fois en \u00e9tudes sup\u00e9rieures, j\u2019ai illustr\u00e9 mes premiers documents p\u00e9dagogiques d\u2019\u00e9ducation \u00e0 l\u2019environnement, avec [&hellip;]<\/p>\n","protected":false},"author":1,"featured_media":0,"parent":0,"menu_order":0,"comment_status":"closed","ping_status":"open","template":"","meta":{"footnotes":""},"class_list":["post-2","page","type-page","status-publish","hentry"],"_links":{"self":[{"href":"https:\/\/camillecoutaud.com\/index.php\/wp-json\/wp\/v2\/pages\/2","targetHints":{"allow":["GET"]}}],"collection":[{"href":"https:\/\/camillecoutaud.com\/index.php\/wp-json\/wp\/v2\/pages"}],"about":[{"href":"https:\/\/camillecoutaud.com\/index.php\/wp-json\/wp\/v2\/types\/page"}],"author":[{"embeddable":true,"href":"https:\/\/camillecoutaud.com\/index.php\/wp-json\/wp\/v2\/users\/1"}],"replies":[{"embeddable":true,"href":"https:\/\/camillecoutaud.com\/index.php\/wp-json\/wp\/v2\/comments?post=2"}],"version-history":[{"count":1,"href":"https:\/\/camillecoutaud.com\/index.php\/wp-json\/wp\/v2\/pages\/2\/revisions"}],"predecessor-version":[{"id":13,"href":"https:\/\/camillecoutaud.com\/index.php\/wp-json\/wp\/v2\/pages\/2\/revisions\/13"}],"wp:attachment":[{"href":"https:\/\/camillecoutaud.com\/index.php\/wp-json\/wp\/v2\/media?parent=2"}],"curies":[{"name":"wp","href":"https:\/\/api.w.org\/{rel}","templated":true}]}}